{"id":61,"date":"2026-02-05T20:25:19","date_gmt":"2026-02-05T23:25:19","guid":{"rendered":"https:\/\/geleira.marcosc.dev\/?page_id=61"},"modified":"2026-02-08T21:05:47","modified_gmt":"2026-02-09T00:05:47","slug":"inicio","status":"publish","type":"page","link":"https:\/\/geleira.marcosc.dev\/","title":{"rendered":"In\u00edcio"},"content":{"rendered":"\n<div class=\"wp-block-group alignfull is-style-default has-accent-1-color has-text-color has-link-color wp-elements-e62db2a8087535f1760f6b73d9c86736 has-global-padding is-layout-constrained wp-container-core-group-is-layout-65a835f4 wp-block-group-is-layout-constrained has-background\" style=\"margin-top:0;margin-bottom:0;padding-top:0;padding-bottom:0;background-image:url(&apos;https:\/\/geleira.marcosc.dev\/wp-content\/uploads\/2026\/02\/Documento-3-scaled.png&apos;);background-position:50% 50%;background-size:cover;background-attachment:scroll;\">\n<div class=\"wp-block-group alignfull is-style-default has-accent-1-color has-text-color has-background has-link-color wp-elements-6f46ec6fb986ebd0465c1270e10fb57d has-global-padding is-layout-constrained wp-container-core-group-is-layout-553f8455 wp-block-group-is-layout-constrained\" style=\"background:linear-gradient(180deg,rgb(255,255,255) 1%,rgba(155,81,224,0) 27%);margin-top:0;margin-bottom:0;padding-top:0;padding-bottom:var(--wp--preset--spacing--50)\">\n<div class=\"wp-block-group is-vertical is-content-justification-center is-layout-flex wp-container-core-group-is-layout-66b0c4e0 wp-block-group-is-layout-flex\" style=\"margin-bottom:var(--wp--preset--spacing--50)\">\n<p class=\"has-bluenesia-font-family\" style=\"font-size:clamp(49.382px, 3.086rem + ((1vw - 3.2px) * 4.766), 98px);text-transform:uppercase\">Qualidade que<\/p>\n\n\n\n<p class=\"has-bluenesia-font-family\" style=\"font-size:clamp(49.382px, 3.086rem + ((1vw - 3.2px) * 4.766), 98px);text-transform:uppercase\">refresca<\/p>\n\n\n\n<p class=\"has-text-align-center\">Gelo em cubos e gelos saborizados para consumo, festas e neg\u00f3cios<\/p>\n\n\n\n<div style=\"height:48px\" aria-hidden=\"true\" class=\"wp-block-spacer wp-container-content-eb1ede72\"><\/div>\n\n\n\n<div class=\"wp-block-buttons is-content-justification-center is-layout-flex wp-container-core-buttons-is-layout-a89b3969 wp-block-buttons-is-layout-flex\">\n<div class=\"wp-block-button\"><a class=\"wp-block-button__link wp-element-button\" href=\"https:\/\/geleira.marcosc.dev\/?page_id=117\">Onde comprar<\/a><\/div>\n\n\n\n<div class=\"wp-block-button\"><a class=\"wp-block-button__link wp-element-button\" href=\"https:\/\/geleira.marcosc.dev\/?page_id=135\">Entre em contato<\/a><\/div>\n<\/div>\n<\/div>\n<\/div>\n<\/div>\n\n\n\n<div class=\"wp-block-group alignfull is-style-default has-global-padding is-layout-constrained wp-block-group-is-layout-constrained\" style=\"margin-top:0;margin-bottom:0;padding-top:var(--wp--preset--spacing--80);padding-bottom:var(--wp--preset--spacing--80)\">\n<div class=\"wp-block-columns alignwide is-layout-flex wp-container-core-columns-is-layout-66fad18a wp-block-columns-is-layout-flex\">\n<div class=\"wp-block-column is-layout-flow wp-block-column-is-layout-flow\" style=\"padding-right:var(--wp--preset--spacing--50);flex-basis:45%\">\n<figure class=\"wp-block-image size-full is-resized is-style-rounded\"><img loading=\"lazy\" decoding=\"async\" width=\"2560\" height=\"1708\" src=\"https:\/\/geleira.marcosc.dev\/wp-content\/uploads\/2026\/02\/top-view-ice-cubes-arrangement-scaled.jpg\" alt=\"\" class=\"wp-image-86\" style=\"width:544px;height:auto\" srcset=\"https:\/\/geleira.marcosc.dev\/wp-content\/uploads\/2026\/02\/top-view-ice-cubes-arrangement-scaled.jpg 2560w, https:\/\/geleira.marcosc.dev\/wp-content\/uploads\/2026\/02\/top-view-ice-cubes-arrangement-300x200.jpg 300w, https:\/\/geleira.marcosc.dev\/wp-content\/uploads\/2026\/02\/top-view-ice-cubes-arrangement-1024x683.jpg 1024w, https:\/\/geleira.marcosc.dev\/wp-content\/uploads\/2026\/02\/top-view-ice-cubes-arrangement-768x513.jpg 768w, https:\/\/geleira.marcosc.dev\/wp-content\/uploads\/2026\/02\/top-view-ice-cubes-arrangement-1536x1025.jpg 1536w, https:\/\/geleira.marcosc.dev\/wp-content\/uploads\/2026\/02\/top-view-ice-cubes-arrangement-2048x1367.jpg 2048w\" sizes=\"auto, (max-width: 2560px) 100vw, 2560px\" \/><\/figure>\n\n\n\n<div class=\"wp-block-group has-global-padding is-layout-constrained wp-block-group-is-layout-constrained\" style=\"margin-top:-12vw\">\n<figure class=\"wp-block-image alignright size-full is-resized\" style=\"margin-right:-5vw;margin-left:-5vw\"><img loading=\"lazy\" decoding=\"async\" width=\"451\" height=\"380\" src=\"https:\/\/geleira.marcosc.dev\/wp-content\/uploads\/2026\/02\/logo-geleira.png\" alt=\"\" class=\"wp-image-142\" style=\"aspect-ratio:1.186839034206494;width:326px;height:auto\" srcset=\"https:\/\/geleira.marcosc.dev\/wp-content\/uploads\/2026\/02\/logo-geleira.png 451w, https:\/\/geleira.marcosc.dev\/wp-content\/uploads\/2026\/02\/logo-geleira-300x253.png 300w\" sizes=\"auto, (max-width: 451px) 100vw, 451px\" \/><\/figure>\n<\/div>\n<\/div>\n\n\n\n<div class=\"wp-block-column is-vertically-aligned-center is-layout-flow wp-block-column-is-layout-flow\" style=\"padding-right:0;padding-left:0;flex-basis:50%\">\n<div class=\"wp-block-group is-vertical is-layout-flex wp-container-core-group-is-layout-fe9cc265 wp-block-group-is-layout-flex\">\n<h2 class=\"wp-block-heading is-style-text-annotation is-style-text-annotation--1\">Sobre N\u00f3s<\/h2>\n<\/div>\n\n\n\n<p class=\"is-style-text-subtitle is-style-text-subtitle--2\">Produzimos gelo com padr\u00e3o industrial para consumo, eventos e neg\u00f3cios. Qualidade constante, seguran\u00e7a e confian\u00e7a.<\/p>\n<\/div>\n<\/div>\n<\/div>\n\n\n\n<div class=\"wp-block-group alignfull is-style-section-5 has-accent-1-color has-text-color has-background has-link-color wp-elements-e73a57a3ce9acdcd2d652c2136828a43 has-global-padding is-layout-constrained wp-container-core-group-is-layout-ebee8dc1 wp-block-group-is-layout-constrained is-style-section-5--3\" style=\"background-color:#0084ff0d;margin-top:0;margin-bottom:0;padding-top:var(--wp--preset--spacing--50);padding-bottom:var(--wp--preset--spacing--50)\">\n<p class=\"has-x-large-font-size\" style=\"font-style:normal;font-weight:600\">Nossos Produtos<\/p>\n\n\n\n<div class=\"wp-block-columns is-layout-flex wp-container-core-columns-is-layout-28f84493 wp-block-columns-is-layout-flex\">\n<div class=\"wp-block-column is-layout-flow wp-block-column-is-layout-flow\">\n<figure class=\"wp-block-image size-large has-custom-border\"><img loading=\"lazy\" decoding=\"async\" width=\"1024\" height=\"683\" src=\"https:\/\/geleira.marcosc.dev\/wp-content\/uploads\/2026\/02\/top-view-ice-cubes-arrangement-1024x683.jpg\" alt=\"\" class=\"wp-image-86\" style=\"border-top-left-radius:20px;border-top-right-radius:20px;border-bottom-left-radius:20px;border-bottom-right-radius:20px;aspect-ratio:4\/3;object-fit:cover\" srcset=\"https:\/\/geleira.marcosc.dev\/wp-content\/uploads\/2026\/02\/top-view-ice-cubes-arrangement-1024x683.jpg 1024w, https:\/\/geleira.marcosc.dev\/wp-content\/uploads\/2026\/02\/top-view-ice-cubes-arrangement-300x200.jpg 300w, https:\/\/geleira.marcosc.dev\/wp-content\/uploads\/2026\/02\/top-view-ice-cubes-arrangement-768x513.jpg 768w, https:\/\/geleira.marcosc.dev\/wp-content\/uploads\/2026\/02\/top-view-ice-cubes-arrangement-1536x1025.jpg 1536w, https:\/\/geleira.marcosc.dev\/wp-content\/uploads\/2026\/02\/top-view-ice-cubes-arrangement-2048x1367.jpg 2048w\" sizes=\"auto, (max-width: 1024px) 100vw, 1024px\" \/><\/figure>\n\n\n\n<p style=\"font-style:normal;font-weight:500\">Gelo em Cubos<\/p>\n\n\n\n<p><\/p>\n<\/div>\n\n\n\n<div class=\"wp-block-column is-layout-flow wp-block-column-is-layout-flow\" style=\"font-style:normal;font-weight:500\">\n<figure class=\"wp-block-image size-large has-custom-border\"><img loading=\"lazy\" decoding=\"async\" width=\"1024\" height=\"683\" src=\"https:\/\/geleira.marcosc.dev\/wp-content\/uploads\/2026\/02\/top-view-ice-cubes-arrangement-1024x683.jpg\" alt=\"\" class=\"wp-image-86\" style=\"border-top-left-radius:20px;border-top-right-radius:20px;border-bottom-left-radius:20px;border-bottom-right-radius:20px;aspect-ratio:4\/3;object-fit:cover\" srcset=\"https:\/\/geleira.marcosc.dev\/wp-content\/uploads\/2026\/02\/top-view-ice-cubes-arrangement-1024x683.jpg 1024w, https:\/\/geleira.marcosc.dev\/wp-content\/uploads\/2026\/02\/top-view-ice-cubes-arrangement-300x200.jpg 300w, https:\/\/geleira.marcosc.dev\/wp-content\/uploads\/2026\/02\/top-view-ice-cubes-arrangement-768x513.jpg 768w, https:\/\/geleira.marcosc.dev\/wp-content\/uploads\/2026\/02\/top-view-ice-cubes-arrangement-1536x1025.jpg 1536w, https:\/\/geleira.marcosc.dev\/wp-content\/uploads\/2026\/02\/top-view-ice-cubes-arrangement-2048x1367.jpg 2048w\" sizes=\"auto, (max-width: 1024px) 100vw, 1024px\" \/><\/figure>\n\n\n\n<p>Gelo Saborizado<\/p>\n<\/div>\n\n\n\n<div class=\"wp-block-column is-layout-flow wp-block-column-is-layout-flow\" style=\"font-style:normal;font-weight:500\">\n<figure class=\"wp-block-image size-large has-custom-border\"><img loading=\"lazy\" decoding=\"async\" width=\"1024\" height=\"683\" src=\"https:\/\/geleira.marcosc.dev\/wp-content\/uploads\/2026\/02\/top-view-ice-cubes-arrangement-1024x683.jpg\" alt=\"\" class=\"wp-image-86\" style=\"border-top-left-radius:20px;border-top-right-radius:20px;border-bottom-left-radius:20px;border-bottom-right-radius:20px;aspect-ratio:4\/3;object-fit:cover\" srcset=\"https:\/\/geleira.marcosc.dev\/wp-content\/uploads\/2026\/02\/top-view-ice-cubes-arrangement-1024x683.jpg 1024w, https:\/\/geleira.marcosc.dev\/wp-content\/uploads\/2026\/02\/top-view-ice-cubes-arrangement-300x200.jpg 300w, https:\/\/geleira.marcosc.dev\/wp-content\/uploads\/2026\/02\/top-view-ice-cubes-arrangement-768x513.jpg 768w, https:\/\/geleira.marcosc.dev\/wp-content\/uploads\/2026\/02\/top-view-ice-cubes-arrangement-1536x1025.jpg 1536w, https:\/\/geleira.marcosc.dev\/wp-content\/uploads\/2026\/02\/top-view-ice-cubes-arrangement-2048x1367.jpg 2048w\" sizes=\"auto, (max-width: 1024px) 100vw, 1024px\" \/><\/figure>\n\n\n\n<p>Bebidas<\/p>\n<\/div>\n<\/div>\n<\/div>\n","protected":false},"excerpt":{"rendered":"<p>Qualidade que refresca Gelo em cubos e gelos saborizados para consumo, festas e neg\u00f3cios Sobre N\u00f3s Produzimos gelo com padr\u00e3o industrial para consumo, eventos e neg\u00f3cios. Qualidade constante, seguran\u00e7a e confian\u00e7a. Nossos Produtos Gelo em Cubos Gelo Saborizado Bebidas<\/p>\n","protected":false},"author":1,"featured_media":0,"parent":0,"menu_order":0,"comment_status":"closed","ping_status":"closed","template":"","meta":{"footnotes":""},"class_list":["post-61","page","type-page","status-publish","hentry"],"_links":{"self":[{"href":"https:\/\/geleira.marcosc.dev\/index.php?rest_route=\/wp\/v2\/pages\/61","targetHints":{"allow":["GET"]}}],"collection":[{"href":"https:\/\/geleira.marcosc.dev\/index.php?rest_route=\/wp\/v2\/pages"}],"about":[{"href":"https:\/\/geleira.marcosc.dev\/index.php?rest_route=\/wp\/v2\/types\/page"}],"author":[{"embeddable":true,"href":"https:\/\/geleira.marcosc.dev\/index.php?rest_route=\/wp\/v2\/users\/1"}],"replies":[{"embeddable":true,"href":"https:\/\/geleira.marcosc.dev\/index.php?rest_route=%2Fwp%2Fv2%2Fcomments&post=61"}],"version-history":[{"count":5,"href":"https:\/\/geleira.marcosc.dev\/index.php?rest_route=\/wp\/v2\/pages\/61\/revisions"}],"predecessor-version":[{"id":143,"href":"https:\/\/geleira.marcosc.dev\/index.php?rest_route=\/wp\/v2\/pages\/61\/revisions\/143"}],"wp:attachment":[{"href":"https:\/\/geleira.marcosc.dev\/index.php?rest_route=%2Fwp%2Fv2%2Fmedia&parent=61"}],"curies":[{"name":"wp","href":"https:\/\/api.w.org\/{rel}","templated":true}]}}